{"id":4224,"date":"2023-05-15T11:51:08","date_gmt":"2023-05-15T09:51:08","guid":{"rendered":"https:\/\/www.halmma.com\/proteccion-de-datos\/"},"modified":"2024-12-30T11:01:12","modified_gmt":"2024-12-30T10:01:12","slug":"data-protection","status":"publish","type":"page","link":"https:\/\/halmma.com\/en\/data-protection\/","title":{"rendered":"Data Protection"},"content":{"rendered":"\n<section class=\"textos-legales-block \">\n\n\n    <div class=\"listado-opiniones\">\n        <div class=\"col\">\n        <div class=\"container\">\n<h1>PROTECCI\u00d3N DE DATOS<\/h1>\n<h2>Cuestiones comunes para todas las actividades de tratamiento<\/h2>\n<h3>\u00bfQui\u00e9n se responsabiliza del tratamiento de tus datos?<\/h3>\n<p>Responsable de los datos: Hammam Al \u00c1ndalus, S.L.<\/p>\n<p>N\u00famero de documento: B67908103<\/p>\n<p>Direcci\u00f3n fiscal: Calle Santa Ana, 16, 18009 Granada<\/p>\n<p>Tel\u00e9fono: 958 805 422<\/p>\n<p>Correo electr\u00f3nico: lpd@hammamalandalus.com<\/p>\n<p>&nbsp;<\/p>\n<h3>\u00bfCu\u00e1les son tus derechos cuando nos facilitas tus datos?&#8217;<\/h3>\n<p>Cualquier persona tiene derecho a obtener confirmaci\u00f3n sobre si estamos tratando datos personales que les conciernen o no. En este sentido, tienes derecho a solicitar:<\/p>\n<p>Acceso: La persona que nos facilita sus datos tendr\u00e1 derecho a obtener del responsable del tratamiento confirmaci\u00f3n de si se est\u00e1n tratando o no los datos que le concierne, as\u00ed como informaci\u00f3n detallada acerca de determinados aspectos del tratamiento que se est\u00e9 llevando a cabo.<\/p>\n<p>Rectificaci\u00f3n: La persona que nos facilita sus datos tendr\u00e1 derecho a obtener la rectificaci\u00f3n de los datos personales inexactos que le conciernen o a que se completen aquellos que fueran incompletos.<\/p>\n<p>Supresi\u00f3n: La persona que nos facilita sus datos tendr\u00e1 derecho a solicitar la supresi\u00f3n de sus datos personales; en todo caso la supresi\u00f3n estar\u00e1 sujeta a los l\u00edmites establecidos en la norma reguladora.<\/p>\n<p>Limitaci\u00f3n de su tratamiento: La persona que nos facilita sus datos tendr\u00e1 derecho a solicitar la limitaci\u00f3n del tratamiento de sus datos de car\u00e1cter personal.<\/p>\n<p>Oposici\u00f3n al tratamiento: En determinadas circunstancias, y por motivos relacionados con su situaci\u00f3n particular, las personas que nos facilitan sus datos podr\u00e1n oponerse al tratamiento de los mismos. La entidad dejar\u00e1 de tratarlos, salvo por motivos leg\u00edtimos, imperiosos, o el ejercicio o la defensa de posibles reclamaciones.<\/p>\n<p>Derecho a la portabilidad de sus datos: La persona que nos facilita sus datos tendr\u00e1 derecho a recibir los datos personales que le incumban, aquellos que haya facilitado a la persona responsable del tratamiento, en un formato estructurado, de uso com\u00fan y de lectura mec\u00e1nica, as\u00ed como a transmitirlos a cualquiera otra persona que pueda ser responsable del tratamiento.<\/p>\n<p>Puede ejercer los referidos derechos dirigi\u00e9ndose a la persona responsable. Para ello, puede utilizar los datos de contacto facilitados al inicio del presente documento. Si desea obtener informaci\u00f3n adicional respecto al ejercicio de sus derechos, tambi\u00e9n puede dirigirse a la Agencia Espa\u00f1ola de Protecci\u00f3n de Datos (AEPD). Asimismo, le informamos que, y si lo cree oportuno, tiene el derecho a retirar en cualquier momento el consentimiento otorgado para alguna finalidad espec\u00edfica, sin que ello afecte a la licitud del tratamiento, basado en el consentimiento previo a su retirada. En el caso de que entienda que no se han atendido adecuadamente sus derechos, puede presentar una reclamaci\u00f3n ante la Agencia Espa\u00f1ola de Protecci\u00f3n de Datos (C\/ Jorge Juan, 6 \u2013 28001 Madrid o en www.agpd.es).<\/p>\n<h2>Tratamiento de brechas de seguridad<\/h2>\n<h3>\u00bfCu\u00e1les son tus derechos cuando nos facilitas tus datos?<\/h3>\n<p>Se conservar\u00e1n durante el tiempo necesario para cumplir con la finalidad para la que se recabaron y para determinar las posibles responsabilidades que se pudieran derivar de dicha finalidad y del tratamiento de los datos. Una vez pasado dicho tiempo ser\u00e1n cancelados \/ suprimidos de oficio.<\/p>\n<h3>\u00bfDurante cu\u00e1nto tiempo trataremos sus datos?<\/h3>\n<p>Se conservar\u00e1n durante el tiempo necesario para cumplir con la finalidad para la que se recabaron y para determinar las posibles responsabilidades que se pudieran derivar de dicha finalidad y del tratamiento de los datos. Una vez pasado dicho tiempo ser\u00e1n cancelados \/ suprimidos de oficio.<\/p>\n<h3>\u00bfPor qu\u00e9 tratamos tus datos?<\/h3>\n<p>Obligaci\u00f3n legal del responsable.<\/p>\n<h3>\u00bfA qu\u00e9 personas se comunicar\u00e1n tus datos?<\/h3>\n<p>Administraci\u00f3n tributaria, Otros \u00f3rganos de la administraci\u00f3n p\u00fablica.<\/p>\n<h2>Tratamiendo de comunicaciones comerciales<\/h2>\n<h3>\u00bfCon qu\u00e9 finalidad tratamos tus datos personales?<\/h3>\n<p>Realizaci\u00f3n de acciones y comunicaciones comerciales y de marketing para informar y fidelizar clientes<\/p>\n<h3>\u00bfDurante cu\u00e1nto tiempo trataremos sus datos?<\/h3>\n<p>Se conservar\u00e1n durante el tiempo necesario para cumplir con la finalidad para la que se recabaron y para determinar las posibles responsabilidades que se pudieran derivar de dicha finalidad y del tratamiento de los datos. Una vez pasado dicho tiempo ser\u00e1n cancelados \/ suprimidos de oficio.<\/p>\n<h3>\u00bfPor qu\u00e9 tratamos tus datos?<\/h3>\n<p>Inter\u00e9s leg\u00edtimo del responsable, Consentimiento del interesado.<\/p>\n<h3>\u00bfA qu\u00e9 personas se comunicar\u00e1n tus datos?<\/h3>\n<p>No se ceden datos a terceros, salvo obligaciones legales.<\/p>\n<h2>Tratamiendo de contactos<\/h2>\n<h3>\u00bfCon qu\u00e9 finalidad tratamos tus datos personales?<\/h3>\n<p>Gestionar y dar respuesta a solicitudes de informaci\u00f3n y presupuesto, as\u00ed como mantener contacto con fines profesionales o empresariales con las personas f\u00edsicas, incluidas las que representan a personas jur\u00eddicas, con las que la entidad mantiene relaci\u00f3n.<\/p>\n<h3>\u00bfDurante cu\u00e1nto tiempo trataremos sus datos?<\/h3>\n<p>Se conservar\u00e1n durante el tiempo necesario para cumplir con la finalidad para la que se recabaron y para determinar las posibles responsabilidades que se pudieran derivar de dicha finalidad y del tratamiento de los datos. Una vez pasado dicho tiempo ser\u00e1n cancelados \/ suprimidos de oficio.<\/p>\n<h3>\u00bfPor qu\u00e9 tratamos tus datos?<\/h3>\n<p>Inter\u00e9s leg\u00edtimo del responsable.<\/p>\n<h3>\u00bfA qu\u00e9 personas se comunicar\u00e1n tus datos?<\/h3>\n<p>No se ceden datos a terceros, salvo obligaciones legales.<\/p>\n<h2>Tratamiendo de ejercicio de los derechos<\/h2>\n<h3>\u00bfCon qu\u00e9 finalidad tratamos tus datos personales?<\/h3>\n<p>Gesti\u00f3n del ejercicio de los derechos contemplados en la legislaci\u00f3n de protecci\u00f3n de datos y de las hojas de reclamaciones.<\/p>\n<h3>\u00bfDurante cu\u00e1nto tiempo trataremos sus datos?<\/h3>\n<p>Se conservar\u00e1n durante el tiempo necesario para resolver las reclamaciones.<\/p>\n<h3>\u00bfPor qu\u00e9 tratamos tus datos?<\/h3>\n<p>Obligaci\u00f3n legal del responsable.<\/p>\n<h3>\u00bfA qu\u00e9 personas se comunicar\u00e1n tus datos?<\/h3>\n<p>Otros \u00f3rganos de la administraci\u00f3n p\u00fablica.<\/p>\n<h2>Tratamiendo de prestaci\u00f3n de servicios y comercializaci\u00f3n de productos<\/h2>\n<h3>\u00bfCon qu\u00e9 finalidad tratamos tus datos personales?<\/h3>\n<p>Prestaci\u00f3n propia de nuestros servicios derivados de la actividad y distribuci\u00f3n o comercializaci\u00f3n de nuestros productos. Gesti\u00f3n fiscal y contable con la finalidad de cumplir con obligaciones legales.<\/p>\n<h3>\u00bfDurante cu\u00e1nto tiempo trataremos sus datos?<\/h3>\n<p>Se conservar\u00e1n durante el tiempo necesario para cumplir con la finalidad para la que se recabaron y para determinar las posibles responsabilidades que se pudieran derivar de dicha finalidad y del tratamiento de los datos. Una vez pasado dicho tiempo ser\u00e1n cancelados \/ suprimidos de oficio.<\/p>\n<h3>\u00bfPor qu\u00e9 tratamos tus datos?<\/h3>\n<p>Relaci\u00f3n contractual para la ejecuci\u00f3n de un contrato.<\/p>\n<h3>\u00bfA qu\u00e9 personas se comunicar\u00e1n tus datos?<\/h3>\n<p>Administraci\u00f3n tributaria, Organizaciones o personas directamente relacionadas con el responsable.<\/p>\n<h2>Tratamiendo de promoci\u00f3n de la entidad<\/h2>\n<h3>\u00bfCon qu\u00e9 finalidad tratamos tus datos personales?<\/h3>\n<p>Utilizaci\u00f3n de datos personales (imagen) mediante fotograf\u00edas y material audiovisual, facilitados dentro de la relaci\u00f3n con la entidad, para ser publicados en p\u00e1gina web y perfiles en redes sociales de la entidad, filmaciones destinadas a difusi\u00f3n comercial, impresi\u00f3n en revistas o publicaciones relacionadas con nuestro sector.<\/p>\n<h3>\u00bfDurante cu\u00e1nto tiempo trataremos sus datos?<\/h3>\n<p>Se conservar\u00e1n durante el tiempo necesario para cumplir con la finalidad para la que se recabaron y para determinar las posibles responsabilidades que se pudieran derivar de dicha finalidad y del tratamiento de los datos. Una vez pasado dicho tiempo ser\u00e1n cancelados \/ suprimidos de oficio.<\/p>\n<h3>\u00bfPor qu\u00e9 tratamos tus datos?<\/h3>\n<p>Consentimiento del interesado.<\/p>\n<h3>\u00bfA qu\u00e9 personas se comunicar\u00e1n tus datos?<\/h3>\n<p>No se ceden datos a terceros, salvo obligaciones legales.<\/p>\n<h2>Tratamiendo de recursos humanos<\/h2>\n<h3>\u00bfCon qu\u00e9 finalidad tratamos tus datos personales?<\/h3>\n<p>Gesti\u00f3n del personal laboral de la entidad, incluida la prevenci\u00f3n de riesgos laborales y el control horario.<\/p>\n<h3>\u00bfDurante cu\u00e1nto tiempo trataremos sus datos?<\/h3>\n<p>Se conservar\u00e1n durante el tiempo necesario para cumplir con la finalidad para la que se recabaron y para determinar las posibles responsabilidades que se pudieran derivar de dicha finalidad y del tratamiento de los datos. Una vez pasado dicho tiempo ser\u00e1n cancelados \/ suprimidos de oficio.<\/p>\n<h3>\u00bfPor qu\u00e9 tratamos tus datos?<\/h3>\n<p>Inter\u00e9s leg\u00edtimo del responsable, Relaci\u00f3n contractual para la ejecuci\u00f3n de un contrato, Obligaci\u00f3n legal del responsable.<\/p>\n<h3>\u00bfA qu\u00e9 personas se comunicar\u00e1n tus datos?<\/h3>\n<p>Organismos de la seguridad social, Administraci\u00f3n tributaria, Otros \u00f3rganos de la administraci\u00f3n p\u00fablica, Organizaciones o personas directamente relacionadas con el responsable, Bancos, cajas de ahorro y cajas rurales.<\/p>\n<p>&nbsp;<\/p>\n<h2>Tratamiendo de selecci\u00f3n de personal<\/h2>\n<h3>\u00bfCon qu\u00e9 finalidad tratamos tus datos personales?<\/h3>\n<p>Se conservar\u00e1n durante el tiempo necesario para cumplir con la finalidad para la que se recabaron y para determinar las posibles responsabilidades que se pudieran derivar de dicha finalidad y del tratamiento de los datos. Una vez pasado dicho tiempo ser\u00e1n cancelados \/ suprimidos de oficio.<\/p>\n<h3>\u00bfDurante cu\u00e1nto tiempo trataremos sus datos?<\/h3>\n<p>Se conservar\u00e1n durante el tiempo necesario para cumplir con la finalidad para la que se recabaron y para determinar las posibles responsabilidades que se pudieran derivar de dicha finalidad y del tratamiento de los datos. Una vez pasado dicho tiempo ser\u00e1n cancelados \/ suprimidos de oficio.<\/p>\n<h3>\u00bfPor qu\u00e9 tratamos tus datos?<\/h3>\n<p>Consentimiento del interesado.<\/p>\n<h3>\u00bfA qu\u00e9 personas se comunicar\u00e1n tus datos?<\/h3>\n<p>No se ceden datos a terceros, salvo obligaciones legales.<\/p>\n<p>&nbsp;<\/p>\n<h2>Tratamiendo de videovigilancia<\/h2>\n<h3>\u00bfCon qu\u00e9 finalidad tratamos tus datos personales?<\/h3>\n<p>Garantizar la seguridad de personas, bienes e instalaciones<\/p>\n<h3>\u00bfDurante cu\u00e1nto tiempo trataremos sus datos?<\/h3>\n<p>Se conservar\u00e1n durante el tiempo necesario para cumplir con la finalidad para la que se recabaron y para determinar las posibles responsabilidades que se pudieran derivar de dicha finalidad y del tratamiento de los datos. Una vez pasado dicho tiempo ser\u00e1n cancelados \/ suprimidos de oficio.<\/p>\n<h3>\u00bfPor qu\u00e9 tratamos tus datos?<\/h3>\n<p>Inter\u00e9s leg\u00edtimo del responsable.<\/p>\n<h3>\u00bfA qu\u00e9 personas se comunicar\u00e1n tus datos?<\/h3>\n<p>Fuerzas y cuerpos de seguridad, Organizaciones o personas directamente relacionadas con el responsable.<\/p>\n<p>&nbsp;\n<\/p><\/div>\n        <\/div>\n\n    <\/div>\n\n<\/section>","protected":false},"excerpt":{"rendered":"<p> [&#8230;]<\/p>\n<p><a class=\"btn btn-secondary understrap-read-more-link\" href=\"https:\/\/halmma.com\/en\/data-protection\/\">Read More&#8230;<span class=\"screen-reader-text\"> from Data Protection<\/span><\/a><\/p>\n","protected":false},"author":2,"featured_media":0,"parent":0,"menu_order":0,"comment_status":"closed","ping_status":"closed","template":"page-templates\/no-title.php","meta":{"_acf_changed":false,"footnotes":""},"class_list":["post-4224","page","type-page","status-publish","hentry"],"acf":[],"yoast_head":"<!-- This site is optimized with the Yoast SEO plugin v26.1.1 - https:\/\/yoast.com\/wordpress\/plugins\/seo\/ -->\n<title>Data Protection - Halmma - The multisensory massage experience.<\/title>\n<meta name=\"description\" content=\"Data Protection. With data protection, at Halmma, we protect our users. Come experience the best massage in Madrid.\" \/>\n<meta name=\"robots\" content=\"noindex, follow\" \/>\n<meta property=\"og:locale\" content=\"en_US\" \/>\n<meta property=\"og:type\" content=\"article\" \/>\n<meta property=\"og:title\" content=\"Data Protection - Halmma - The multisensory massage experience.\" \/>\n<meta property=\"og:description\" content=\"Data Protection. With data protection, at Halmma, we protect our users. Come experience the best massage in Madrid.\" \/>\n<meta property=\"og:url\" content=\"https:\/\/halmma.com\/en\/data-protection\/\" \/>\n<meta property=\"og:site_name\" content=\"Halmma - The multisensory massage experience.\" \/>\n<meta property=\"article:modified_time\" content=\"2024-12-30T10:01:12+00:00\" \/>\n<meta name=\"twitter:card\" content=\"summary_large_image\" \/>\n<script type=\"application\/ld+json\" class=\"yoast-schema-graph\">{\"@context\":\"https:\/\/schema.org\",\"@graph\":[{\"@type\":\"WebPage\",\"@id\":\"https:\/\/halmma.com\/en\/data-protection\/\",\"url\":\"https:\/\/halmma.com\/en\/data-protection\/\",\"name\":\"Data Protection - Halmma - The multisensory massage experience.\",\"isPartOf\":{\"@id\":\"https:\/\/halmma.com\/en\/#website\"},\"datePublished\":\"2023-05-15T09:51:08+00:00\",\"dateModified\":\"2024-12-30T10:01:12+00:00\",\"description\":\"Data Protection. With data protection, at Halmma, we protect our users. Come experience the best massage in Madrid.\",\"inLanguage\":\"en-US\",\"potentialAction\":[{\"@type\":\"ReadAction\",\"target\":[\"https:\/\/halmma.com\/en\/data-protection\/\"]}]},{\"@type\":\"WebSite\",\"@id\":\"https:\/\/halmma.com\/en\/#website\",\"url\":\"https:\/\/halmma.com\/en\/\",\"name\":\"Halmma - El mejor masaje de Madrid\",\"description\":\"Discover the multisensory massage experience that reaches where words cannot.\",\"publisher\":{\"@id\":\"https:\/\/halmma.com\/en\/#organization\"},\"potentialAction\":[{\"@type\":\"SearchAction\",\"target\":{\"@type\":\"EntryPoint\",\"urlTemplate\":\"https:\/\/halmma.com\/en\/?s={search_term_string}\"},\"query-input\":{\"@type\":\"PropertyValueSpecification\",\"valueRequired\":true,\"valueName\":\"search_term_string\"}}],\"inLanguage\":\"en-US\"},{\"@type\":\"Organization\",\"@id\":\"https:\/\/halmma.com\/en\/#organization\",\"name\":\"Halmma\",\"url\":\"https:\/\/halmma.com\/en\/\",\"logo\":{\"@type\":\"ImageObject\",\"inLanguage\":\"en-US\",\"@id\":\"https:\/\/halmma.com\/en\/#\/schema\/logo\/image\/\",\"url\":\"https:\/\/halmma.com\/wp-content\/uploads\/2025\/02\/cropped-HALMMA_POSITIVO-01-web.png\",\"contentUrl\":\"https:\/\/halmma.com\/wp-content\/uploads\/2025\/02\/cropped-HALMMA_POSITIVO-01-web.png\",\"width\":190,\"height\":40,\"caption\":\"Halmma\"},\"image\":{\"@id\":\"https:\/\/halmma.com\/en\/#\/schema\/logo\/image\/\"},\"sameAs\":[\"https:\/\/www.instagram.com\/halmmaexperiencia\/\"]}]}<\/script>\n<!-- \/ Yoast SEO plugin. -->","yoast_head_json":{"title":"Data Protection - Halmma - The multisensory massage experience.","description":"Data Protection. With data protection, at Halmma, we protect our users. Come experience the best massage in Madrid.","robots":{"index":"noindex","follow":"follow"},"og_locale":"en_US","og_type":"article","og_title":"Data Protection - Halmma - The multisensory massage experience.","og_description":"Data Protection. With data protection, at Halmma, we protect our users. Come experience the best massage in Madrid.","og_url":"https:\/\/halmma.com\/en\/data-protection\/","og_site_name":"Halmma - The multisensory massage experience.","article_modified_time":"2024-12-30T10:01:12+00:00","twitter_card":"summary_large_image","schema":{"@context":"https:\/\/schema.org","@graph":[{"@type":"WebPage","@id":"https:\/\/halmma.com\/en\/data-protection\/","url":"https:\/\/halmma.com\/en\/data-protection\/","name":"Data Protection - Halmma - The multisensory massage experience.","isPartOf":{"@id":"https:\/\/halmma.com\/en\/#website"},"datePublished":"2023-05-15T09:51:08+00:00","dateModified":"2024-12-30T10:01:12+00:00","description":"Data Protection. With data protection, at Halmma, we protect our users. Come experience the best massage in Madrid.","inLanguage":"en-US","potentialAction":[{"@type":"ReadAction","target":["https:\/\/halmma.com\/en\/data-protection\/"]}]},{"@type":"WebSite","@id":"https:\/\/halmma.com\/en\/#website","url":"https:\/\/halmma.com\/en\/","name":"Halmma - El mejor masaje de Madrid","description":"Discover the multisensory massage experience that reaches where words cannot.","publisher":{"@id":"https:\/\/halmma.com\/en\/#organization"},"potentialAction":[{"@type":"SearchAction","target":{"@type":"EntryPoint","urlTemplate":"https:\/\/halmma.com\/en\/?s={search_term_string}"},"query-input":{"@type":"PropertyValueSpecification","valueRequired":true,"valueName":"search_term_string"}}],"inLanguage":"en-US"},{"@type":"Organization","@id":"https:\/\/halmma.com\/en\/#organization","name":"Halmma","url":"https:\/\/halmma.com\/en\/","logo":{"@type":"ImageObject","inLanguage":"en-US","@id":"https:\/\/halmma.com\/en\/#\/schema\/logo\/image\/","url":"https:\/\/halmma.com\/wp-content\/uploads\/2025\/02\/cropped-HALMMA_POSITIVO-01-web.png","contentUrl":"https:\/\/halmma.com\/wp-content\/uploads\/2025\/02\/cropped-HALMMA_POSITIVO-01-web.png","width":190,"height":40,"caption":"Halmma"},"image":{"@id":"https:\/\/halmma.com\/en\/#\/schema\/logo\/image\/"},"sameAs":["https:\/\/www.instagram.com\/halmmaexperiencia\/"]}]}},"_links":{"self":[{"href":"https:\/\/halmma.com\/en\/wp-json\/wp\/v2\/pages\/4224","targetHints":{"allow":["GET"]}}],"collection":[{"href":"https:\/\/halmma.com\/en\/wp-json\/wp\/v2\/pages"}],"about":[{"href":"https:\/\/halmma.com\/en\/wp-json\/wp\/v2\/types\/page"}],"author":[{"embeddable":true,"href":"https:\/\/halmma.com\/en\/wp-json\/wp\/v2\/users\/2"}],"replies":[{"embeddable":true,"href":"https:\/\/halmma.com\/en\/wp-json\/wp\/v2\/comments?post=4224"}],"version-history":[{"count":1,"href":"https:\/\/halmma.com\/en\/wp-json\/wp\/v2\/pages\/4224\/revisions"}],"predecessor-version":[{"id":4225,"href":"https:\/\/halmma.com\/en\/wp-json\/wp\/v2\/pages\/4224\/revisions\/4225"}],"wp:attachment":[{"href":"https:\/\/halmma.com\/en\/wp-json\/wp\/v2\/media?parent=4224"}],"curies":[{"name":"wp","href":"https:\/\/api.w.org\/{rel}","templated":true}]}}